{"id":285,"date":"2023-04-16T19:44:14","date_gmt":"2023-04-16T17:44:14","guid":{"rendered":"https:\/\/chaletpolarka.sk\/?page_id=285"},"modified":"2026-03-25T11:55:44","modified_gmt":"2026-03-25T10:55:44","slug":"contact-us","status":"publish","type":"page","link":"https:\/\/chaletpolarka.sk\/en\/contact-us\/","title":{"rendered":"Contact"},"content":{"rendered":"<div data-elementor-type=\"wp-page\" data-elementor-id=\"285\" class=\"elementor elementor-285\" data-elementor-post-type=\"page\">\n\t\t\t\t<div class=\"elementor-element elementor-element-7a43361 e-flex e-con-boxed e-con e-parent\" data-id=\"7a43361\" data-element_type=\"container\" data-e-type=\"container\">\n\t\t\t\t\t<div class=\"e-con-inner\">\n\t\t<div class=\"elementor-element elementor-element-6166bf9 e-flex e-con-boxed e-con e-child\" data-id=\"6166bf9\" data-element_type=\"container\" data-e-type=\"container\">\n\t\t\t\t\t<div class=\"e-con-inner\">\n\t\t<div class=\"elementor-element elementor-element-049b915 e-con-full e-flex e-con e-child\" data-id=\"049b915\" data-element_type=\"container\" data-e-type=\"container\">\n\t\t\t\t<div class=\"elementor-element elementor-element-aeaf28b elementor-widget__width-initial elementor-widget elementor-widget-text-editor\" data-id=\"aeaf28b\" data-element_type=\"widget\" data-e-type=\"widget\" data-widget_type=\"text-editor.default\">\n\t\t\t\t<div class=\"elementor-widget-container\">\n\t\t\t\t\t\t\t\t\t<p><strong>Chalet P\u00f8larka<br \/><\/strong>Demanovska Dolina 386<br \/>031 01 Demanovska Dolina<br \/>Slovakia<\/p><p><i class=\"fas fa-location-arrow\" aria-hidden=\"true\"><\/i><a class=\"contact-custom-icons\" href=\"https:\/\/goo.gl\/maps\/x1R5ydjGVe7GakWP9?coh=178571&amp;entry=tt\">48.978492, 19.596464<\/a><\/p><p><i class=\"fas fa-phone-alt\" aria-hidden=\"true\"><\/i> <a class=\"contact-custom-icons\" href=\"tel:+421 910 771 334\">+421 910 771 334<\/a><\/p><p><i class=\"fab fa-whatsapp\" aria-hidden=\"true\"><\/i> <a class=\"contact-custom-icons no-lightbox\" href=\"https:\/\/api.whatsapp.com\/send\/?phone=421910771334\">+421 910 771 334<\/a><\/p><p><i class=\"fas fa-inbox\" aria-hidden=\"true\"><\/i> <a class=\"no-lightbox\" href=\"mailto:info@chaletpolarka.sk\">info@chaletpolarka.sk<\/a><\/p><p><i class=\"fab fa-facebook-f\" aria-hidden=\"true\"><\/i> <a class=\"contact-custom-icons no-lightbox\" href=\"https:\/\/www.facebook.com\/ChaletPolarka\/\" target=\"_blank\" rel=\"noopener noreferrer\">ChaletPolarka<\/a><\/p><p><i class=\"fab fa-instagram\" aria-hidden=\"true\"><\/i> <a class=\"contact-custom-icons no-lightbox\" href=\"https:\/\/www.instagram.com\/chaletpolarka\/\" target=\"_blank\" rel=\"noopener noreferrer\">chaletpolarka<\/a><\/p>\t\t\t\t\t\t\t\t<\/div>\n\t\t\t\t<\/div>\n\t\t\t\t<\/div>\n\t\t<div class=\"elementor-element elementor-element-bbacfdf e-con-full e-flex e-con e-child\" data-id=\"bbacfdf\" data-element_type=\"container\" data-e-type=\"container\">\n\t\t\t\t<div class=\"elementor-element elementor-element-ef811ba elementor-widget elementor-widget-google_maps\" data-id=\"ef811ba\" data-element_type=\"widget\" data-e-type=\"widget\" data-widget_type=\"google_maps.default\">\n\t\t\t\t<div class=\"elementor-widget-container\">\n\t\t\t\t\t\t\t<div class=\"elementor-custom-embed\">\n\t\t\t<iframe loading=\"lazy\"\n\t\t\t\t\tsrc=\"https:\/\/maps.google.com\/maps?q=Chalet%20P%C3%B8larka&#038;t=m&#038;z=17&#038;output=embed&#038;iwloc=near\"\n\t\t\t\t\ttitle=\"Chalet P\u00f8larka\"\n\t\t\t\t\taria-label=\"Chalet P\u00f8larka\"\n\t\t\t><\/iframe>\n\t\t<\/div>\n\t\t\t\t\t\t<\/div>\n\t\t\t\t<\/div>\n\t\t\t\t<\/div>\n\t\t\t\t\t<\/div>\n\t\t\t\t<\/div>\n\t\t\t\t\t<\/div>\n\t\t\t\t<\/div>\n\t\t\t\t<\/div>","protected":false},"excerpt":{"rendered":"<p>Chalet P\u00f8larkaDem\u00e4novsk\u00e1 Dolina 386031 01 Dem\u00e4novsk\u00e1 DolinaSlovensko 48.978492, 19.596464 +421 910 771 334 +421 910 771 334 info@chaletpolarka.sk ChaletPolarka chaletpolarka<\/p>","protected":false},"author":1,"featured_media":0,"parent":0,"menu_order":0,"comment_status":"closed","ping_status":"closed","template":"","meta":{"footnotes":""},"class_list":["post-285","page","type-page","status-publish","hentry"],"aioseo_notices":[],"_links":{"self":[{"href":"https:\/\/chaletpolarka.sk\/en\/wp-json\/wp\/v2\/pages\/285","targetHints":{"allow":["GET"]}}],"collection":[{"href":"https:\/\/chaletpolarka.sk\/en\/wp-json\/wp\/v2\/pages"}],"about":[{"href":"https:\/\/chaletpolarka.sk\/en\/wp-json\/wp\/v2\/types\/page"}],"author":[{"embeddable":true,"href":"https:\/\/chaletpolarka.sk\/en\/wp-json\/wp\/v2\/users\/1"}],"replies":[{"embeddable":true,"href":"https:\/\/chaletpolarka.sk\/en\/wp-json\/wp\/v2\/comments?post=285"}],"version-history":[{"count":6,"href":"https:\/\/chaletpolarka.sk\/en\/wp-json\/wp\/v2\/pages\/285\/revisions"}],"predecessor-version":[{"id":1851,"href":"https:\/\/chaletpolarka.sk\/en\/wp-json\/wp\/v2\/pages\/285\/revisions\/1851"}],"wp:attachment":[{"href":"https:\/\/chaletpolarka.sk\/en\/wp-json\/wp\/v2\/media?parent=285"}],"curies":[{"name":"wp","href":"https:\/\/api.w.org\/{rel}","templated":true}]}}